{"id":572,"date":"2023-05-04T16:39:30","date_gmt":"2023-05-04T22:39:30","guid":{"rendered":"http:\/\/www.siselse.com\/?page_id=572"},"modified":"2023-05-04T16:40:31","modified_gmt":"2023-05-04T22:40:31","slug":"aviso-de-privacidad","status":"publish","type":"page","link":"https:\/\/www.siselse.com\/en\/aviso-de-privacidad\/","title":{"rendered":"Aviso de Privacidad"},"content":{"rendered":"<p class=\"text-muted\">A efecto de dar cumplimiento a la\u00a0<b>Ley Federal de Protecci\u00f3n de Datos Personales en Posesi\u00f3n de Particulares<\/b>, se emite este aviso de privacidad en los siguientes t\u00e9rminos:<\/p>\n<p class=\"text-muted\"><b>SISELSE DE M\u00c9XICO S.A. DE C.V.<\/b>\u00a0es una empresa encargada de sistematizar accesos a inmuebles, instalaciones y \u00e1reas protegidas mediante: automatizaci\u00f3n de accesos, central de monitoreo, video vigilancia, alarmas, biometr\u00eda y GPS. Tiene su domicilio en Blvd. Universitarios #226 Pte. Comunicadores C.P. 80034 en Culiac\u00e1n, Sinaloa, M\u00e9xico.<\/p>\n<p class=\"text-muted\">Para la prestaci\u00f3n de sus servicios,\u00a0<b>SISELSE DE M\u00c9XICO S.A. DE C.V.<\/b>\u00a0recaba datos personales de los individuos que ingresen a los inmuebles, instalaciones y \u00e1reas protegidas, tales como: Imagen, nombre, domicilio y dem\u00e1s informaci\u00f3n contenida en un documento oficial requerido para el ingreso al inmueble.<\/p>\n<p class=\"text-muted\">La finalidad de la recolecci\u00f3n de datos personales tiene como objetivo garantizar la seguridad de los residentes de los inmuebles, instalaciones o \u00e1reas protegidas, as\u00ed como de las personas que realicen una visita a los mismos.<\/p>\n<p class=\"text-muted\">Al Ingresar a alguna de los diversos inmuebles, instalaciones o \u00e1reas protegidos por\u00a0<b>SISELSE DE M\u00c9XICO S.A. DE C.V.<\/b>, los visitantes y residentes consienten el tratamiento de sus datos personales. Asimismo,\u00a0<b>SISELSE DE M\u00c9XICO S.A. DE C.V.<\/b>\u00a0se reserva el derecho de transmitir y comunicar los datos personales en su poder a las autoridades p\u00fablicas cuando as\u00ed le sea solicitado por escrito de manera fundada y motivada, as\u00ed como por el administrador del inmueble, instalaci\u00f3n o \u00e1rea protegida a efecto de coadyuvar en el deslinde de responsabilidades en caso de una eventual trasgresi\u00f3n a la seguridad del lugar; quienes, al momento de recibir alg\u00fan tipo de informaci\u00f3n de datos personales por parte de\u00a0<b>SISELSE DE M\u00c9XICO S.A. DE C.V.<\/b>, se comprometen a conducirse de conformidad con los principios que garanticen el respeto al derecho fundamental de la protecci\u00f3n de datos personales.<\/p>\n<p class=\"text-muted\">El \u00e1rea de atenci\u00f3n a clientes de\u00a0<b>SISELSE DE M\u00c9XICO S.A. DE C.V.<\/b>\u00a0(<a href=\"mailto:atencionaclientes@siselse.com\">atencionaclientes@siselse.com<\/a>) tiene a su cargo el tratamiento de los datos personales y cuenta con los mecanismos f\u00edsicos y tecnol\u00f3gicos que permiten resguardar la Informaci\u00f3n recabada.<\/p>\n<p class=\"text-muted\">Esa misma \u00e1rea es la responsable de atender y dar seguimiento a las solicitudes de los derechos de acceso, rectificaci\u00f3n, cancelaci\u00f3n y oposici\u00f3n que los particulares decidan ejercer. Todo procedimiento relativo a dichos derechos, ser\u00e1 sustanciado en t\u00e9rminos de la\u00a0<b>Ley Federal de Protecci\u00f3n de Datos Personales<\/b>.<\/p>\n<p class=\"text-muted\">Asimismo, cualquier modificaci\u00f3n aplicada al presente \u201cAviso de Privacidad\u201d ser\u00e1 comunicado por\u00a0<b>SISELSE DE M\u00c9XICO S.A. DE C.V.<\/b>\u00a0a trav\u00e9s de sus canales oficiales y por este mismo medio.<\/p>","protected":false},"excerpt":{"rendered":"<p>A efecto de dar cumplimiento a la\u00a0Ley Federal de Protecci\u00f3n de Datos Personales en Posesi\u00f3n de Particulares, se emite este aviso de privacidad en los siguientes t\u00e9rminos: SISELSE DE M\u00c9XICO &#8230;<\/p>","protected":false},"author":1,"featured_media":0,"parent":0,"menu_order":0,"comment_status":"closed","ping_status":"closed","template":"template-fullwidth.php","meta":{"content-type":"","footnotes":""},"class_list":["post-572","page","type-page","status-publish","hentry"],"_links":{"self":[{"href":"https:\/\/www.siselse.com\/en\/wp-json\/wp\/v2\/pages\/572","targetHints":{"allow":["GET"]}}],"collection":[{"href":"https:\/\/www.siselse.com\/en\/wp-json\/wp\/v2\/pages"}],"about":[{"href":"https:\/\/www.siselse.com\/en\/wp-json\/wp\/v2\/types\/page"}],"author":[{"embeddable":true,"href":"https:\/\/www.siselse.com\/en\/wp-json\/wp\/v2\/users\/1"}],"replies":[{"embeddable":true,"href":"https:\/\/www.siselse.com\/en\/wp-json\/wp\/v2\/comments?post=572"}],"version-history":[{"count":1,"href":"https:\/\/www.siselse.com\/en\/wp-json\/wp\/v2\/pages\/572\/revisions"}],"predecessor-version":[{"id":573,"href":"https:\/\/www.siselse.com\/en\/wp-json\/wp\/v2\/pages\/572\/revisions\/573"}],"wp:attachment":[{"href":"https:\/\/www.siselse.com\/en\/wp-json\/wp\/v2\/media?parent=572"}],"curies":[{"name":"wp","href":"https:\/\/api.w.org\/{rel}","templated":true}]}}