{"id":557,"date":"2018-03-05T12:16:31","date_gmt":"2018-03-05T19:16:31","guid":{"rendered":"http:\/\/www.siselse.com\/?page_id=557"},"modified":"2020-07-28T10:43:11","modified_gmt":"2020-07-28T16:43:11","slug":"red-publica","status":"publish","type":"page","link":"https:\/\/www.siselse.com\/en\/red-publica\/","title":{"rendered":"Public network"},"content":{"rendered":"<div class=\"gridContainer\">\n<div class=\"row text-center\">\n<div class=\"section-title-col\" data-type=\"column\">\n<h2 class=\"\"><\/h2>\n<p class=\"lead\">A continuaci\u00f3n se enlistan los sistemas oficiales que componen nuestra <b>red p\u00fablica<\/b>:<\/p>\n<\/div>\n<\/div>\n<div class=\"row\">\n<div class=\"col-xs-12 col-sm-10 col-sm-offset-1\">\n<div class=\"card\">\n<table class=\"bordered\">\n<caption class=\"text-center\">\n<h3 class=\"color1\"><strong>\u00c1MBITO EXTERNO<\/strong><\/h3>\n<\/caption>\n<thead>\n<tr class=\"align-middle\">\n<th class=\"w25 text-center\" scope=\"col\">NOMBRE<\/th>\n<th class=\"w35 text-center\" scope=\"col\">DESCRIPCI\u00d3N<\/th>\n<th class=\"w40 text-center\" scope=\"col\">URL<\/th>\n<\/tr>\n<\/thead>\n<tbody>\n<tr class=\"align-middle\">\n<td><strong>Sitio web de SISELSE de M\u00e9xico<\/strong><\/td>\n<td>Sitio web comercial de nuestra empresa.<\/td>\n<td><a href=\"http:\/\/www.siselse.com\/en\/\" target=\"_blank\" rel=\"noopener\">http:\/\/www.siselse.com<\/a><\/td>\n<\/tr>\n<tr class=\"align-middle\">\n<td><strong>Tienda en l\u00ednea de SISELSE<\/strong><\/td>\n<td>Sitio web de la tienda en l\u00ednea de SISELSE.<\/td>\n<td><a href=\"http:\/\/tienda.siselse.com\" target=\"_blank\" rel=\"noopener\">http:\/\/tienda.siselse.com<\/a><\/td>\n<\/tr>\n<tr class=\"align-middle\">\n<td><strong>Portal de Atenci\u00f3n a Clientes<\/strong><\/td>\n<td>Sistema web para la atenci\u00f3n de solicitudes de apoyo de nuestros clientes.<\/td>\n<td><a href=\"http:\/\/atencionaclientes.siselse.com\" target=\"_blank\" rel=\"noopener\">http:\/\/atencionaclientes.siselse.com<\/a><\/td>\n<\/tr>\n<tr class=\"align-middle\">\n<td><strong>Administraci\u00f3n Residencial Virtual<\/strong><\/td>\n<td>Sistema web para la Administraci6oacute;n de Finanzas y Eventos para los Condominios.<\/td>\n<td><a href=\"http:\/\/adminresidencial.siselse.com\" target=\"_blank\" rel=\"noopener\">http:\/\/adminresidencial.siselse.com<\/a><\/td>\n<\/tr>\n<tr class=\"align-middle\">\n<td><strong>Status page<\/strong><\/td>\n<td>Sitio web que indica la disponibilidad de nuestros sistemas p\u00fablicos y los incidentes asociados a los mismos.<\/td>\n<td><a href=\"http:\/\/status.siselse.com\" target=\"_blank\" rel=\"noopener\">http:\/\/status.siselse.com<\/a><\/td>\n<\/tr>\n<tr class=\"align-middle\">\n<td><strong>Sitio web de SIPASS<\/strong><\/td>\n<td>Sitio web comercial de nuestra soluci\u00f3n en accesos autom\u00e1ticos SIPASS\u00ae.<\/td>\n<td><a href=\"http:\/\/www.sipass.io\" target=\"_blank\" rel=\"noopener\">http:\/\/www.sipass.io<\/a><\/td>\n<\/tr>\n<\/tbody>\n<\/table>\n<table class=\"bordered\">\n<caption class=\"text-center\">\n<h3 class=\"color1\"><strong>\u00c1MBITO MIXTO<\/strong><\/h3>\n<\/caption>\n<thead>\n<tr class=\"align-middle\">\n<th class=\"w25 text-center\" scope=\"col\">NOMBRE<\/th>\n<th class=\"w35 text-center\" scope=\"col\">DESCRIPCI\u00d3N<\/th>\n<th class=\"w40 text-center\" scope=\"col\">URL<\/th>\n<\/tr>\n<\/thead>\n<tbody>\n<tr class=\"align-middle\">\n<td><strong>P\u00e1gina en Facebook<\/strong><\/td>\n<td>Nuestra <em>fan page<\/em> en la red social Facebook.<\/td>\n<td><a href=\"https:\/\/facebook.com\/siselse\" target=\"_blank\" rel=\"noopener\">https:\/\/facebook.com\/siselse<\/a><\/td>\n<\/tr>\n<tr class=\"align-middle\">\n<td><strong>Perfil en Twitter<\/strong><\/td>\n<td>Nuestro <em>feed<\/em> de mensajes en la red social Twitter.<\/td>\n<td><a href=\"https:\/\/twitter.com\/siselse\" target=\"_blank\" rel=\"noopener\">https:\/\/twitter.com\/siselse<\/a><\/td>\n<\/tr>\n<tr class=\"align-middle\">\n<td><strong>Perfil en LinkedIn<\/strong><\/td>\n<td>Nuestro perfil corporativo en la red social LinkedIn.<\/td>\n<td><a href=\"https:\/\/linkedin.com\/company\/siselse\" target=\"_blank\" rel=\"noopener\">https:\/\/linkedin.com\/company\/siselse<\/a><\/td>\n<\/tr>\n<tr class=\"align-middle\">\n<td><strong>Canal en YouTube<\/strong><\/td>\n<td>Nuestro canal de v\u00eddeos y <em>streaming<\/em> en la red social YouTube.<\/td>\n<td><a href=\"https:\/\/youtube.com\/channel\/UCgoEIZYGjsFfV0AA6vMemOw\" target=\"_blank\" rel=\"noopener\">https:\/\/youtube.com\/channel\/UCgoEIZYGjsFfV0AA6vMemOw<\/a><\/td>\n<\/tr>\n<\/tbody>\n<\/table>\n<\/div>\n<\/div>\n<\/div>\n<\/div>","protected":false},"excerpt":{"rendered":"<p>A continuaci\u00f3n se enlistan los sistemas oficiales que componen nuestra red p\u00fablica: \u00c1MBITO EXTERNO NOMBRE DESCRIPCI\u00d3N URL Sitio web de SISELSE de M\u00e9xico Sitio web comercial de nuestra empresa. http:\/\/www.siselse.com &#8230;<\/p>","protected":false},"author":1,"featured_media":0,"parent":0,"menu_order":0,"comment_status":"closed","ping_status":"closed","template":"","meta":{"content-type":"","footnotes":""},"class_list":["post-557","page","type-page","status-publish","hentry"],"_links":{"self":[{"href":"https:\/\/www.siselse.com\/en\/wp-json\/wp\/v2\/pages\/557","targetHints":{"allow":["GET"]}}],"collection":[{"href":"https:\/\/www.siselse.com\/en\/wp-json\/wp\/v2\/pages"}],"about":[{"href":"https:\/\/www.siselse.com\/en\/wp-json\/wp\/v2\/types\/page"}],"author":[{"embeddable":true,"href":"https:\/\/www.siselse.com\/en\/wp-json\/wp\/v2\/users\/1"}],"replies":[{"embeddable":true,"href":"https:\/\/www.siselse.com\/en\/wp-json\/wp\/v2\/comments?post=557"}],"version-history":[{"count":48,"href":"https:\/\/www.siselse.com\/en\/wp-json\/wp\/v2\/pages\/557\/revisions"}],"predecessor-version":[{"id":932,"href":"https:\/\/www.siselse.com\/en\/wp-json\/wp\/v2\/pages\/557\/revisions\/932"}],"wp:attachment":[{"href":"https:\/\/www.siselse.com\/en\/wp-json\/wp\/v2\/media?parent=557"}],"curies":[{"name":"wp","href":"https:\/\/api.w.org\/{rel}","templated":true}]}}