{"id":5,"date":"2018-02-26T15:19:12","date_gmt":"2018-02-26T22:19:12","guid":{"rendered":"http:\/\/35.226.107.123\/wordpress\/index.php\/mesmerize\/"},"modified":"2021-09-14T11:18:28","modified_gmt":"2021-09-14T17:18:28","slug":"mesmerize","status":"publish","type":"page","link":"https:\/\/www.siselse.com\/en\/mesmerize\/","title":{"rendered":"Front Page"},"content":{"rendered":"<div  id=\"overlappable-4\" style=\"background-color: #f5fafd; background-image: none;\" data-label=\"Overlappable\" data-id=\"overlappable-4\" data-export-id=\"overlappable-4\" data-category=\"overlappable\" class=\"overlappable-4 content-section content-section-spacing\" data-overlap=\"true\">\n<div  class=\"gridContainer\">\n<div  data-type=\"row\" class=\"row spaced-cols text-center center-sm\">\n<div  class=\"col-xs-12 col-sm-4 col-padding col-md-3\">\n<p><i  class=\"fa icon shadow-large-black aligncenter color1 fa-graduation-cap reverse round large\"> <\/i><\/p>\n<div  data-type=\"column\" class=\"\">\n<h5  class=\"\">EXPERIENCE<\/h5>\n<p  class=\"\">With more than 13 years of experience, knowledge and certified staff we are able to provide the best reaction and answer for your needs<\/p>\n<\/div>\n<\/div>\n<div  class=\"col-xs-12 col-sm-4 col-padding col-md-3\">\n<p><i  class=\"fa icon shadow-large-black aligncenter color1 fa-laptop reverse round large\"> <\/i><\/p>\n<div  data-type=\"column\" class=\"\">\n<h5  class=\"\">TECHNOLOGY<\/h5>\n<p  class=\"\">We are equipped with the finest devices and electronic security systems provided by leading suppliers in the industry<\/p>\n<\/div>\n<\/div>\n<div  class=\"col-xs-12 col-sm-4 col-padding col-md-3\">\n<p><i  class=\"fa icon shadow-large-black aligncenter color1 fa-trophy reverse round large\"> <\/i><\/p>\n<div  data-type=\"column\" class=\"\">\n<h5  class=\"\">RECOGNITION<\/h5>\n<p  class=\"\">We have been honored with national and international accolades for our intelligence process in the security field<\/p>\n<\/div>\n<\/div>\n<div  class=\"col-xs-12 col-sm-4 col-padding col-md-3\">\n<p><i  class=\"fa icon shadow-large-black aligncenter color1 fa-lightbulb-o reverse round large\"> <\/i><\/p>\n<div  data-type=\"column\" class=\"\">\n<h5  class=\"\">INNOVATION<\/h5>\n<p  class=\"\">We offer top of the line products and services with continuous development fit for market standards and personalized for our clients<\/p>\n<\/div>\n<\/div>\n<\/div>\n<\/div>\n<\/div>\n<div  id=\"nosotros\" style=\"background-color: #ffffff; background-image: none;\" data-label=\"Nosotros\" data-id=\"about-1\" data-export-id=\"about-1\" data-category=\"about\" class=\"about-1 content-section content-section-spacing\">\n<div  class=\"gridContainer\">\n<div  class=\"row text-center\">\n<div  class=\"section-title-col\" data-type=\"column\">\n<h2  class=\"\">ABOUT US<\/h2>\n<p  class=\"lead\">We are security experts with more than 13 years of experience in the industry, we have received national and international awards thanks to our intelligence process in regards of security. Furthermore, our team consist of highly qualified professionals and we offer leading edge technology for electronic security systems<\/p>\n<h4  class=\"\">MISSION STATEMENT<\/h4>\n<p  class=\"\">\"Lead the industry of controlled access for the well being of our clients\"<\/p>\n<h4  class=\"\">VISION STATEMENT<\/h4>\n<p  class=\"\">\"To be the world's leading company in the innovation and integration of top of the line technologies for access control\"<\/p>\n<\/div>\n<\/div>\n<div  class=\"row\">\n<div  class=\"col-xs bottom-xs flexbox image-group-bottom-3-img space-bottom-xs center-xs\"><img decoding=\"async\"  class=\"left-img shadow-large-black\" data-size=\"500x300\" src=\"http:\/\/www.siselse.com\/wp-content\/uploads\/2018\/02\/cropped-casa-frontpage-3.png\"> <img decoding=\"async\"  class=\"center-img shadow-large-black\" data-size=\"500x300\" src=\"http:\/\/www.siselse.com\/wp-content\/uploads\/2018\/02\/cropped-sipass-frontpage-1.jpg\"> <img decoding=\"async\"  class=\"right-img shadow-large-black\" data-size=\"500x300\" src=\"http:\/\/www.siselse.com\/wp-content\/uploads\/2018\/02\/cropped-carro-frontpage-3.png\"><\/div>\n<\/div>\n<\/div>\n<\/div>\n<div  data-label=\"Distinciones\" data-id=\"clients-1\" data-export-id=\"clients-1\" data-category=\"clients\" class=\"clients-1 content-section content-section-spacing\" id=\"distinciones\" style=\"background-color: #ffffff;\">\n<div  class=\"gridContainer\">\n<div  class=\"row middle-sm\">\n<div  data-type=\"column\" class=\"col-sm-6 space-bottom-xs content-center-sm\">\n<h3  class=\"\">ACCOLADES<\/h3>\n<p  class=\"\">These are some of the organizations who have awarded our work:<\/p>\n<\/div>\n<div  class=\"col-sm-6\">\n<div  data-type=\"row\" class=\"row spaced-cols content-center-sm center-sm\">\n<div  class=\"col-xs-3 col-md-3\"><img decoding=\"async\"  class=\"custom-image\" src=\"http:\/\/www.siselse.com\/wp-content\/uploads\/2018\/03\/10.png\"><\/div>\n<div  class=\"col-xs-3 col-md-3\"><img decoding=\"async\"  class=\"custom-image\" src=\"http:\/\/www.siselse.com\/wp-content\/uploads\/2018\/03\/11.png\"><\/div>\n<div  class=\"col-xs-3 col-md-3\"><img decoding=\"async\"  class=\"custom-image\" src=\"http:\/\/www.siselse.com\/wp-content\/uploads\/2018\/03\/13.png\"><\/div>\n<div  class=\"col-xs-3 col-md-3\"><img decoding=\"async\"  class=\"custom-image\" src=\"http:\/\/www.siselse.com\/wp-content\/uploads\/2018\/04\/ExpoSeguridad.png\"><\/div>\n<\/div>\n<\/div>\n<\/div>\n<\/div>\n<\/div>\n<div  data-label=\"Servicios\" data-id=\"features-13-card-bordered\" data-export-id=\"features-13-card-bordered\" data-category=\"features\" class=\"features-13 content-section content-section-spacing\" id=\"servicios\" style=\"background-color: #f5fafd;\">\n<div  class=\"gridContainer\">\n<div  class=\"row text-center\">\n<div  class=\"section-title-col\" data-type=\"column\">\n<h2  class=\"\">OUR SERVICES<\/h2>\n<p  class=\"lead\">Because we believe in the value of your security, we offer a wide range of solutions:<\/p>\n<\/div>\n<\/div>\n<div  class=\"row spaced-cols content-center-sm\" data-type=\"row\">\n<div  class=\"col-sm-4 col-md-3\">\n<div  class=\"card bordered y-move\" data-type=\"column\">\n<p><img decoding=\"async\"  class=\"custom-image\" src=\"http:\/\/www.siselse.com\/wp-content\/uploads\/2021\/09\/cropped-sipass-logo-op.png\"><\/p>\n<h4  class=\"\">SMART ACCESS ECOSYSTEM<\/h4>\n<p  class=\"\">State of the art answer for smart access: create passes with your smartphone that allow you and external guests to access quickly and safely private areas with smart entrances or security staff<\/p>\n<p><a class=\"button small y-move color2\" href=\"http:\/\/www.sipass.io\" target=\"_blank\" data-cp-link=\"1\" rel=\"noopener\"> KNOW MORE <\/a><\/p>\n<\/div>\n<\/div>\n<div  class=\"col-sm-4 col-md-3\">\n<div  class=\"card bordered y-move\" data-type=\"column\">\n<p><img decoding=\"async\"  class=\"custom-image\" src=\"http:\/\/www.siselse.com\/wp-content\/uploads\/2018\/03\/LOGO-Rodolfo-Osuna-700px.jpg\"><\/p>\n<h4  class=\"\">SPECIALISED SECURITY CONSULTING<\/h4>\n<p  class=\"\">Integral and specialised service offering our experience in business intelligence and qualified staff to better your security conditions<\/p>\n<p><a class=\"button small y-move color2\" href=\"http:\/\/www.siselse.com\/en\/contacto\/\" target=\"_self\" data-cp-link=\"1\" rel=\"noopener\"> KNOW MORE <\/a><\/p>\n<\/div>\n<\/div>\n<div  class=\"col-sm-4 col-md-3\">\n<div  class=\"card bordered y-move\" data-type=\"column\">\n<p><img decoding=\"async\"  class=\"custom-image\" src=\"http:\/\/www.siselse.com\/wp-content\/uploads\/2018\/02\/teleportereo-60x60.png\"><\/p>\n<h4  class=\"\">AUTOMATIC ACCESS AND TRACKING<\/h4>\n<p  class=\"\">Make use of our Automated Access Control System for residents and visitors with proximity cards or assistance of our Monitoring Central<\/p>\n<p><a class=\"button small y-move color2\" href=\"http:\/\/www.siselse.com\/en\/automatizacion-de-accesos\/\" target=\"_self\" data-cp-link=\"1\" rel=\"noopener\"> KNOW MORE <\/a><\/p>\n<\/div>\n<\/div>\n<div  class=\"col-sm-4 col-md-3\">\n<div  class=\"card bordered y-move\" data-type=\"column\">\n<p><img decoding=\"async\"  class=\"custom-image\" src=\"http:\/\/www.siselse.com\/wp-content\/uploads\/2018\/02\/admin-residencial-60x60.png\"><\/p>\n<h4  class=\"\">DIGITAL RESIDENTIAL MANAGEMENT<\/h4>\n<p  class=\"\">Discover our Residential Management System and take smart control of the finances in your residential complex<\/p>\n<p><a class=\"button small y-move color2\" href=\"http:\/\/www.siselse.com\/en\/administracion-residencial\/\" target=\"_self\" data-cp-link=\"1\" rel=\"noopener\"> KNOW MORE <\/a><\/p>\n<\/div>\n<\/div>\n<\/div>\n<\/div>\n<\/div>\n<div  data-label=\"Tienda\" data-id=\"about-9\" data-export-id=\"about-9\" data-category=\"about\" class=\"about-9 content-section content-section-spacing\" id=\"tienda\" style=\"background-color: #ffffff;\">\n<div  class=\"gridContainer\">\n<div  class=\"row middle-sm text-center\">\n<div  class=\"col-sm-5 space-bottom-xs content-column content-right-sm\" data-type=\"column\">\n<h2  class=\"\">SHOWROOM<\/h2>\n<p>You are invited to take a look at our Showroom located inside our Culiac\u00e1n store. There you will be able to know more and interact with our devices and learn how to operate them<\/p>\n<p><a class=\"button blue\" href=\"https:\/\/goo.gl\/maps\/xnYskVm65nk\" target=\"_self\" data-cp-link=\"1\" rel=\"noopener\">VISIT SHOWROOM<\/a><\/p>\n<\/div>\n<div  class=\"col-sm-7 flexbox flexbox middle-xs center-xs\">\n<div  class=\"overlay-box flexbox middle-xs center-xs overlay-holder\">\n<div  class=\"overlay-box-offset offset-background shadow-medium bg-color2 hide-xs\"><\/div>\n<p><img decoding=\"async\"  class=\"flexbox shadow-large img1\" src=\"http:\/\/www.siselse.com\/wp-content\/uploads\/2018\/12\/tienda.jpg\"><\/p>\n<\/div>\n<\/div>\n<\/div>\n<\/div>\n<\/div>\n<div  data-label=\"Clientes\" data-id=\"clients-4\" data-export-id=\"clients-4\" data-category=\"clients\" class=\"clients-4 content-section content-section-spacing-small\" id=\"clientes\" style=\"background-color: #f5fafd; background-image: none;\">\n<div  class=\"gridContainer\">\n<div  class=\"gridContainer\">\n<div  class=\"row\">\n<div  data-type=\"column\" class=\"section-title-col\">\n<h2  class=\"font-700\">OUR CLIENTS<\/h2>\n<p  class=\"lead\">These are some of the companies who have invested their trust in us:<\/p>\n<\/div>\n<\/div>\n<\/div>\n<div  data-type=\"row\" class=\"row spaced-cols middle-xs center-xs space-bottom\">\n<div  class=\"col-xs-6 col-sm-2\"><img decoding=\"async\"  src=\"http:\/\/www.siselse.com\/wp-content\/uploads\/2021\/09\/client_impulsa.png\" class=\"\"><\/div>\n<div  class=\"col-xs-6 col-sm-2\"><img decoding=\"async\"  src=\"http:\/\/www.siselse.com\/wp-content\/uploads\/2021\/09\/client_rivega.png\" class=\"\"><\/div>\n<div  class=\"col-xs-6 col-sm-2\"><img decoding=\"async\"  src=\"http:\/\/www.siselse.com\/wp-content\/uploads\/2018\/02\/client_06.png\" class=\"\"><\/div>\n<div  class=\"col-xs-6 col-sm-2\"><img decoding=\"async\"  src=\"http:\/\/www.siselse.com\/wp-content\/uploads\/2018\/02\/client_07.png\" class=\"\"><\/div>\n<div  class=\"col-xs-6 col-sm-2\"><img decoding=\"async\"  src=\"http:\/\/www.siselse.com\/wp-content\/uploads\/2018\/02\/client_09.png\" class=\"\"><\/div>\n<div  class=\"col-xs-6 col-sm-2\"><img decoding=\"async\"  src=\"http:\/\/www.siselse.com\/wp-content\/uploads\/2018\/02\/client_10.png\" class=\"\"><\/div>\n<div  class=\"col-xs-6 col-sm-2\"><img decoding=\"async\"  src=\"http:\/\/www.siselse.com\/wp-content\/uploads\/2018\/02\/client_11.png\" class=\"\"><\/div>\n<div  class=\"col-xs-6 col-sm-2\"><img decoding=\"async\"  src=\"http:\/\/www.siselse.com\/wp-content\/uploads\/2021\/09\/client_sinaloa.png\" class=\"\"><\/div>\n<div  class=\"col-xs-6 col-sm-2\"><img decoding=\"async\"  src=\"http:\/\/www.siselse.com\/wp-content\/uploads\/2018\/02\/client_03.png\" class=\"\"><\/div>\n<div  class=\"col-xs-6 col-sm-2\"><img decoding=\"async\"  src=\"http:\/\/www.siselse.com\/wp-content\/uploads\/2018\/02\/client_02.png\" class=\"\"><\/div>\n<div  class=\"col-xs-6 col-sm-2\"><img decoding=\"async\"  src=\"http:\/\/www.siselse.com\/wp-content\/uploads\/2018\/02\/client_04.png\" class=\"\"><\/div>\n<div  class=\"col-xs-6 col-sm-2\"><img decoding=\"async\"  src=\"http:\/\/www.siselse.com\/wp-content\/uploads\/2018\/02\/client_01.png\" class=\"\"><\/div>\n<\/div>\n<\/div>\n<\/div>\n<div  data-label=\"Sucursales\" data-id=\"content-12\" data-export-id=\"content-12\" data-category=\"content\" class=\"content-12 content-section content-section-spacing\" id=\"sucursales\" style=\"background-color: #ffffff; background-image: none;\">\n<div  class=\"gridContainer\">\n<div  class=\"row text-center\">\n<div  class=\"section-title-col\" data-type=\"column\">\n<h2  class=\"\">OUR LOCATIONS<\/h2>\n<p  class=\"lead\">We will be happy to address you personally in these locations:<\/p>\n<\/div>\n<\/div>\n<div  class=\"row center-xs middle-xs\">\n<div  class=\"col-sm-9\" data-type=\"column\"><iframe  loading=\"lazy\" width=\"800\" height=\"600\" src=\"https:\/\/www.google.com\/maps\/d\/u\/0\/embed?mid=1xRBYLGwfRoMr9MHda26FwK9FTq6dpOpR\" class=\"\"><\/iframe><\/div>\n<\/div>\n<\/div>\n<\/div>\n<div  data-label=\"Social\" data-id=\"features-13\" data-export-id=\"features-13\" data-category=\"features\" class=\"features-13 content-section content-section-spacing bg-color1 white-text\" id=\"social\">\n<div  class=\"gridContainer\">\n<div  class=\"row text-center\">\n<div  class=\"section-title-col\" data-type=\"column\">\n<h2  class=\"\">CONECT WITH US<\/h2>\n<p  class=\"lead\">Keep in touch with our social media:<\/p>\n<\/div>\n<\/div>\n<div  class=\"row spaced-cols center-sm content-center-sm\" data-type=\"row\">\n<div  class=\"col col-sm-6 space-bottom col-md-1\"><a href=\"https:\/\/facebook.com\/siselse\" target=\"_blank\" rel=\"noopener\" class=\"\"><i  class=\"fa icon fa-facebook-square large\" style=\"color: #fff;\"> <\/i><\/a><\/div>\n<div  class=\"col col-sm-6 space-bottom col-md-1\"><a href=\"https:\/\/twitter.com\/siselse\" target=\"_blank\" rel=\"noopener\" class=\"\"><i  class=\"fa icon fa-twitter-square large\" style=\"color: #fff;\"> <\/i><\/a><\/div>\n<div  class=\"col col-sm-6 space-bottom col-md-1\"><a href=\"https:\/\/linkedin.com\/company\/siselse\" target=\"_blank\" rel=\"noopener\" class=\"\"><i  class=\"fa icon fa-linkedin-square large\" style=\"color: #fff;\"> <\/i><\/a><\/div>\n<div  class=\"col col-sm-6 space-bottom col-md-1\"><a href=\"https:\/\/youtube.com\/channel\/UCgoEIZYGjsFfV0AA6vMemOw\" target=\"_blank\" rel=\"noopener\" class=\"\"><i  class=\"fa icon fa-youtube-square large\" style=\"color: #fff;\"> <\/i><\/a><\/div>\n<\/div>\n<\/div>\n<\/div>","protected":false},"excerpt":{"rendered":"<p>EXPERIENCIA Nos respaldan m\u00e1s de 13 a\u00f1os de trabajo, conocimiento y personal altamente calificado, lo que nos permite la m\u00e1s alta capacidad de reacci\u00f3n y soluci\u00f3n a sus requerimientos. TECNOLOG\u00cdA &#8230;<\/p>","protected":false},"author":1,"featured_media":0,"parent":0,"menu_order":0,"comment_status":"closed","ping_status":"closed","template":"page-templates\/homepage.php","meta":{"content-type":"","footnotes":""},"class_list":["post-5","page","type-page","status-publish","hentry"],"_links":{"self":[{"href":"https:\/\/www.siselse.com\/en\/wp-json\/wp\/v2\/pages\/5","targetHints":{"allow":["GET"]}}],"collection":[{"href":"https:\/\/www.siselse.com\/en\/wp-json\/wp\/v2\/pages"}],"about":[{"href":"https:\/\/www.siselse.com\/en\/wp-json\/wp\/v2\/types\/page"}],"author":[{"embeddable":true,"href":"https:\/\/www.siselse.com\/en\/wp-json\/wp\/v2\/users\/1"}],"replies":[{"embeddable":true,"href":"https:\/\/www.siselse.com\/en\/wp-json\/wp\/v2\/comments?post=5"}],"version-history":[{"count":211,"href":"https:\/\/www.siselse.com\/en\/wp-json\/wp\/v2\/pages\/5\/revisions"}],"predecessor-version":[{"id":1010,"href":"https:\/\/www.siselse.com\/en\/wp-json\/wp\/v2\/pages\/5\/revisions\/1010"}],"wp:attachment":[{"href":"https:\/\/www.siselse.com\/en\/wp-json\/wp\/v2\/media?parent=5"}],"curies":[{"name":"wp","href":"https:\/\/api.w.org\/{rel}","templated":true}]}}