{"id":448,"date":"2018-03-01T18:29:20","date_gmt":"2018-03-02T01:29:20","guid":{"rendered":"http:\/\/www2.siselse.com\/?page_id=448"},"modified":"2018-03-01T18:29:20","modified_gmt":"2018-03-02T01:29:20","slug":"automatizacion-de-accesos","status":"publish","type":"page","link":"https:\/\/www.siselse.com\/en\/automatizacion-de-accesos\/","title":{"rendered":"Automatizaci\u00f3n de Accesos y Teleportereo"},"content":{"rendered":"<p>Sistemas Integrales de Seguridad dise\u00f1ados espec\u00edficamente seg\u00fan la necesidad y requerimiento de cada cliente con una alta confidencialidad y profesionalismo, no vendemos equipos, integramos soluciones.<\/p>\n<p>Manejamos el sistema de acceso a fraccionamientos privados sin necesidad de guardias de seguridad, y con plan en comodato, es decir no se realizan grandes inversiones.<\/p>\n<p>Nosotros te instalamos todos los equipos y nos hacemos cargo del mantenimiento y la operaci\u00f3n de los mismos por una cuota mensual.<\/p>\n<p>No se ocupan contratos de plazos largos, si en seis meses no te satisface el servicio no hay penalizaciones de ning\u00fan tipo.<\/p>","protected":false},"excerpt":{"rendered":"<p>Sistemas Integrales de Seguridad dise\u00f1ados espec\u00edficamente seg\u00fan la necesidad y requerimiento de cada cliente con una alta confidencialidad y profesionalismo, no vendemos equipos, integramos soluciones. Manejamos el sistema de acceso &#8230;<\/p>","protected":false},"author":1,"featured_media":0,"parent":0,"menu_order":0,"comment_status":"closed","ping_status":"closed","template":"","meta":{"content-type":"","footnotes":""},"class_list":["post-448","page","type-page","status-publish","hentry"],"_links":{"self":[{"href":"https:\/\/www.siselse.com\/en\/wp-json\/wp\/v2\/pages\/448","targetHints":{"allow":["GET"]}}],"collection":[{"href":"https:\/\/www.siselse.com\/en\/wp-json\/wp\/v2\/pages"}],"about":[{"href":"https:\/\/www.siselse.com\/en\/wp-json\/wp\/v2\/types\/page"}],"author":[{"embeddable":true,"href":"https:\/\/www.siselse.com\/en\/wp-json\/wp\/v2\/users\/1"}],"replies":[{"embeddable":true,"href":"https:\/\/www.siselse.com\/en\/wp-json\/wp\/v2\/comments?post=448"}],"version-history":[{"count":1,"href":"https:\/\/www.siselse.com\/en\/wp-json\/wp\/v2\/pages\/448\/revisions"}],"predecessor-version":[{"id":449,"href":"https:\/\/www.siselse.com\/en\/wp-json\/wp\/v2\/pages\/448\/revisions\/449"}],"wp:attachment":[{"href":"https:\/\/www.siselse.com\/en\/wp-json\/wp\/v2\/media?parent=448"}],"curies":[{"name":"wp","href":"https:\/\/api.w.org\/{rel}","templated":true}]}}