{"id":25,"date":"2016-02-12T08:13:22","date_gmt":"2016-02-12T08:13:22","guid":{"rendered":"http:\/\/demos.famethemes.com\/onepress\/?page_id=25"},"modified":"2022-02-01T17:25:08","modified_gmt":"2022-02-02T00:25:08","slug":"giro-tecnologia","status":"publish","type":"page","link":"https:\/\/www.siselse.com\/en\/giro-tecnologia\/","title":{"rendered":"TECHNOLOGY"},"content":{"rendered":"<p>Contamos con tecnolog\u00eda de punta y de \u00faltimo nivel para todos nuestros proyectos. Nuestro personal se encuentra en una capacitaci\u00f3n constante.<\/p>","protected":false},"excerpt":{"rendered":"<p>Morbi in sem quis dui placerat ornare. Pellentesque odio nisi euismod in pharetra a ultricies.<\/p>","protected":false},"author":3,"featured_media":0,"parent":0,"menu_order":0,"comment_status":"closed","ping_status":"closed","template":"","meta":{"content-type":"","footnotes":""},"class_list":["post-25","page","type-page","status-publish","hentry"],"_links":{"self":[{"href":"https:\/\/www.siselse.com\/en\/wp-json\/wp\/v2\/pages\/25","targetHints":{"allow":["GET"]}}],"collection":[{"href":"https:\/\/www.siselse.com\/en\/wp-json\/wp\/v2\/pages"}],"about":[{"href":"https:\/\/www.siselse.com\/en\/wp-json\/wp\/v2\/types\/page"}],"author":[{"embeddable":true,"href":"https:\/\/www.siselse.com\/en\/wp-json\/wp\/v2\/users\/3"}],"replies":[{"embeddable":true,"href":"https:\/\/www.siselse.com\/en\/wp-json\/wp\/v2\/comments?post=25"}],"version-history":[{"count":2,"href":"https:\/\/www.siselse.com\/en\/wp-json\/wp\/v2\/pages\/25\/revisions"}],"predecessor-version":[{"id":2303,"href":"https:\/\/www.siselse.com\/en\/wp-json\/wp\/v2\/pages\/25\/revisions\/2303"}],"wp:attachment":[{"href":"https:\/\/www.siselse.com\/en\/wp-json\/wp\/v2\/media?parent=25"}],"curies":[{"name":"wp","href":"https:\/\/api.w.org\/{rel}","templated":true}]}}